{"id":60,"date":"2024-10-09T09:58:03","date_gmt":"2024-10-09T07:58:03","guid":{"rendered":"https:\/\/solanadegranada.com\/?page_id=60"},"modified":"2025-03-18T11:11:22","modified_gmt":"2025-03-18T10:11:22","slug":"granada","status":"publish","type":"page","link":"https:\/\/solanadegranada.com\/en\/granada\/","title":{"rendered":"Granada"},"content":{"rendered":"<div data-elementor-type=\"wp-page\" data-elementor-id=\"60\" class=\"elementor elementor-60\" data-elementor-post-type=\"page\">\n\t\t\t\t<div class=\"elementor-element elementor-element-760e8d6 e-con-full e-flex e-con e-parent\" data-id=\"760e8d6\" data-element_type=\"container\" data-e-type=\"container\" data-settings=\"{&quot;background_background&quot;:&quot;classic&quot;}\">\n\t\t\t\t<div class=\"elementor-element elementor-element-07f14f7 elementor-widget elementor-widget-heading\" data-id=\"07f14f7\" data-element_type=\"widget\" data-e-type=\"widget\" data-widget_type=\"heading.default\">\n\t\t\t\t<div class=\"elementor-widget-container\">\n\t\t\t\t\t<p class=\"elementor-heading-title elementor-size-default\">Have fun in Solana de Granada<\/p>\t\t\t\t<\/div>\n\t\t\t\t<\/div>\n\t\t\t\t<div class=\"elementor-element elementor-element-ad11f7b elementor-widget elementor-widget-heading\" data-id=\"ad11f7b\" data-element_type=\"widget\" data-e-type=\"widget\" data-widget_type=\"heading.default\">\n\t\t\t\t<div class=\"elementor-widget-container\">\n\t\t\t\t\t<h1 class=\"elementor-heading-title elementor-size-default\">city of granada<\/h1>\t\t\t\t<\/div>\n\t\t\t\t<\/div>\n\t\t\t\t<div class=\"elementor-element elementor-element-2a6e450 elementor-widget__width-initial elementor-widget-mobile__width-inherit elementor-widget elementor-widget-text-editor\" data-id=\"2a6e450\" data-element_type=\"widget\" data-e-type=\"widget\" data-widget_type=\"text-editor.default\">\n\t\t\t\t<div class=\"elementor-widget-container\">\n\t\t\t\t\t\t\t\t\t<p>A wonderful Andalusian city.<\/p>\t\t\t\t\t\t\t\t<\/div>\n\t\t\t\t<\/div>\n\t\t\t\t<\/div>\n\t\t<div class=\"elementor-element elementor-element-c6adac5 e-con-full e-flex e-con e-parent\" data-id=\"c6adac5\" data-element_type=\"container\" data-e-type=\"container\">\n\t\t<div class=\"elementor-element elementor-element-4ab19c9 e-con-full e-flex e-con e-child\" data-id=\"4ab19c9\" data-element_type=\"container\" data-e-type=\"container\">\n\t\t\t\t<div class=\"elementor-element elementor-element-11cfc10 elementor-widget__width-inherit elementor-widget elementor-widget-heading\" data-id=\"11cfc10\" data-element_type=\"widget\" data-e-type=\"widget\" data-widget_type=\"heading.default\">\n\t\t\t\t<div class=\"elementor-widget-container\">\n\t\t\t\t\t<h2 class=\"elementor-heading-title elementor-size-default\">DISCOVER THE CITY OF GRANADA<\/h2>\t\t\t\t<\/div>\n\t\t\t\t<\/div>\n\t\t\t\t<div class=\"elementor-element elementor-element-d19634a elementor-widget__width-inherit elementor-widget-mobile__width-inherit elementor-widget elementor-widget-text-editor\" data-id=\"d19634a\" data-element_type=\"widget\" data-e-type=\"widget\" data-widget_type=\"text-editor.default\">\n\t\t\t\t<div class=\"elementor-widget-container\">\n\t\t\t\t\t\t\t\t\t<p>\"A wonderful Andalusian city\", it actually earned several times the price of the most beautiful city in Spain! It offers many possibilities for sightseeing, good food, shopping or just having a good time, strolling around the city and enjoying the beautiful views. Walking through its streets, you can see great Arabic influence everywhere, the most important example is of course,\u00a0<strong>La Alhambra<\/strong>! An incredible ancient city and one that many people mistake for a castle because of its architecture and palaces. If you are in Granada, you definitely have to visit it. We recommend you to book in advance, because there are strict limits and time slots. See <a href=\"https:\/\/tickets.alhambra-patronato.es\/\" target=\"_blank\" rel=\"noopener\">La Alhambra y el Generalife<\/a>.<\/p>\t\t\t\t\t\t\t\t<\/div>\n\t\t\t\t<\/div>\n\t\t\t\t<div class=\"elementor-element elementor-element-0f1baf3 elementor-widget__width-inherit elementor-widget-mobile__width-inherit elementor-widget elementor-widget-text-editor\" data-id=\"0f1baf3\" data-element_type=\"widget\" data-e-type=\"widget\" data-widget_type=\"text-editor.default\">\n\t\t\t\t<div class=\"elementor-widget-container\">\n\t\t\t\t\t\t\t\t\t<p>In addition, Granada is also famous for its culture of\u00a0<strong>tapas<\/strong>\u00a0and\u00a0<strong>flamenco<\/strong>. You can see flamenco guitarists and dancers all over the city and if you want to see more, you can visit some of the best original flamenco shows \"some of them inside flamenco caves (<em>Tablaos<\/em>) that you will find in the Barrio\u00a0<em>Sacromonte<\/em>.<\/p><p>Tapas are basically served everywhere, although there are a few special places we can recommend, more on that below ;-). The best view of the Alhambra and Granada is from the Mirador San Nicol\u00e1s in the\u00a0<em>Albaic\u00edn<\/em> and is the neighbourhood where you will find most of our food recommendations in the city. And if you have time, don't miss the sunset from the Ermita de San Miguel Alto.<\/p>\t\t\t\t\t\t\t\t<\/div>\n\t\t\t\t<\/div>\n\t\t\t\t<\/div>\n\t\t<div class=\"elementor-element elementor-element-15fa2b3 e-con-full e-flex e-con e-child\" data-id=\"15fa2b3\" data-element_type=\"container\" data-e-type=\"container\">\n\t\t\t\t<div class=\"elementor-element elementor-element-05993ba elementor-widget elementor-widget-image\" data-id=\"05993ba\" data-element_type=\"widget\" data-e-type=\"widget\" data-widget_type=\"image.default\">\n\t\t\t\t<div class=\"elementor-widget-container\">\n\t\t\t\t\t\t\t\t\t\t\t\t\t\t\t<img decoding=\"async\" src=\"https:\/\/solanadegranada.com\/wp-content\/uploads\/elementor\/thumbs\/480821623_1191226979670670_418826464515932404_n-r2f8a6a8v1g999oe4beklo4ewbvbazedm86fbiumv4.jpg\" title=\"480821623_1191226979670670_418826464515932404_n\" alt=\"480821623_1191226979670670_418826464515932404_n\" loading=\"lazy\" \/>\t\t\t\t\t\t\t\t\t\t\t\t\t\t\t<\/div>\n\t\t\t\t<\/div>\n\t\t\t\t<\/div>\n\t\t\t\t<\/div>\n\t\t<div class=\"elementor-element elementor-element-d1a76ed e-flex e-con-boxed e-con e-parent\" data-id=\"d1a76ed\" data-element_type=\"container\" data-e-type=\"container\">\n\t\t\t\t\t<div class=\"e-con-inner\">\n\t\t\t\t<div class=\"elementor-element elementor-element-6a993d6 elementor-widget elementor-widget-heading\" data-id=\"6a993d6\" data-element_type=\"widget\" data-e-type=\"widget\" data-widget_type=\"heading.default\">\n\t\t\t\t<div class=\"elementor-widget-container\">\n\t\t\t\t\t<h2 class=\"elementor-heading-title elementor-size-default\">BARS AND RESTAURANTS<\/h2>\t\t\t\t<\/div>\n\t\t\t\t<\/div>\n\t\t\t\t<div class=\"elementor-element elementor-element-100fa76 elementor-widget__width-initial elementor-widget-mobile__width-inherit elementor-widget elementor-widget-text-editor\" data-id=\"100fa76\" data-element_type=\"widget\" data-e-type=\"widget\" data-widget_type=\"text-editor.default\">\n\t\t\t\t<div class=\"elementor-widget-container\">\n\t\t\t\t\t\t\t\t\t<p>Here are some personal recommendations for food in Granada, but of course there is much more to discover.<\/p><p>For a good breakfast you can get the \"<a href=\"https:\/\/www.cafe4gatos.com\/\" target=\"_blank\" rel=\"noopener\">Cafe 4 Gatos<\/a>\". Try one of their Tostada tipica!<\/p><p>Another good place for breakfast and especially good tapas and food with a great albaicinero atmosphere is the \"El Albaicinero\".<a href=\"https:\/\/goo.gl\/maps\/p8JHVmjCd6xxAZzH9\" target=\"_blank\" rel=\"noopener\">Bar Aixa<\/a>\".<\/p><p>In \"<a href=\"https:\/\/www.facebook.com\/ElHigoGranada\/\" target=\"_blank\" rel=\"noopener\">El Higo<\/a>\" you can enjoy a little more elaborate fusion food, and on weekends, artists often perform on the patio-terrace.<\/p><p>For lovers of seafood and fish you should visit \".<a href=\"https:\/\/goo.gl\/maps\/NdqxGtG2qvyWswGg9\" target=\"_blank\" rel=\"noopener\">Meson Rincon de Rodri<\/a>\". The tapas are incredible in size and taste!<\/p>\t\t\t\t\t\t\t\t<\/div>\n\t\t\t\t<\/div>\n\t\t\t\t\t<\/div>\n\t\t\t\t<\/div>\n\t\t<div class=\"elementor-element elementor-element-9005c6d e-flex e-con-boxed e-con e-parent\" data-id=\"9005c6d\" data-element_type=\"container\" data-e-type=\"container\">\n\t\t\t\t\t<div class=\"e-con-inner\">\n\t\t\t\t<div class=\"elementor-element elementor-element-16d98de elementor-widget elementor-widget-heading\" data-id=\"16d98de\" data-element_type=\"widget\" data-e-type=\"widget\" data-widget_type=\"heading.default\">\n\t\t\t\t<div class=\"elementor-widget-container\">\n\t\t\t\t\t<h2 class=\"elementor-heading-title elementor-size-default\">Tourist information<\/h2>\t\t\t\t<\/div>\n\t\t\t\t<\/div>\n\t\t\t\t<div class=\"elementor-element elementor-element-9058fe2 elementor-widget__width-initial elementor-widget-mobile__width-inherit elementor-widget elementor-widget-text-editor\" data-id=\"9058fe2\" data-element_type=\"widget\" data-e-type=\"widget\" data-widget_type=\"text-editor.default\">\n\t\t\t\t<div class=\"elementor-widget-container\">\n\t\t\t\t\t\t\t\t\t<p>You can find more information about what to see and do in Granada, public transport and more, on the official tourist information page \"<a href=\"http:\/\/en.granadatur.com\/\" target=\"_blank\" rel=\"noopener\">Granada City Tourism<\/a>\".<\/p>\t\t\t\t\t\t\t\t<\/div>\n\t\t\t\t<\/div>\n\t\t\t\t\t<\/div>\n\t\t\t\t<\/div>\n\t\t\t\t<\/div>","protected":false},"excerpt":{"rendered":"<p>Divi\u00e9rtete en Solana de Granada ciudad de granada Una maravillosa ciudad andaluza. DESCUBRE LA CIUDAD DE GRANADA \u00abUna maravillosa ciudad andaluza\u00bb, \u00a1en realidad gan\u00f3 varias veces el precio de la ciudad m\u00e1s hermosa de Espa\u00f1a! Ofrece muchas posibilidades para hacer turismo, buena comida, ir de compras o simplemente pasar un buen rato, pasear por la [&hellip;]<\/p>\n","protected":false},"author":1,"featured_media":0,"parent":0,"menu_order":0,"comment_status":"closed","ping_status":"closed","template":"","meta":{"footnotes":""},"class_list":["post-60","page","type-page","status-publish","hentry"],"_links":{"self":[{"href":"https:\/\/solanadegranada.com\/en\/wp-json\/wp\/v2\/pages\/60","targetHints":{"allow":["GET"]}}],"collection":[{"href":"https:\/\/solanadegranada.com\/en\/wp-json\/wp\/v2\/pages"}],"about":[{"href":"https:\/\/solanadegranada.com\/en\/wp-json\/wp\/v2\/types\/page"}],"author":[{"embeddable":true,"href":"https:\/\/solanadegranada.com\/en\/wp-json\/wp\/v2\/users\/1"}],"replies":[{"embeddable":true,"href":"https:\/\/solanadegranada.com\/en\/wp-json\/wp\/v2\/comments?post=60"}],"version-history":[{"count":46,"href":"https:\/\/solanadegranada.com\/en\/wp-json\/wp\/v2\/pages\/60\/revisions"}],"predecessor-version":[{"id":2357,"href":"https:\/\/solanadegranada.com\/en\/wp-json\/wp\/v2\/pages\/60\/revisions\/2357"}],"wp:attachment":[{"href":"https:\/\/solanadegranada.com\/en\/wp-json\/wp\/v2\/media?parent=60"}],"curies":[{"name":"wp","href":"https:\/\/api.w.org\/{rel}","templated":true}]}}