{"id":2126,"date":"2025-03-11T11:40:02","date_gmt":"2025-03-11T10:40:02","guid":{"rendered":"https:\/\/solanadegranada.com\/?page_id=2126"},"modified":"2025-03-18T11:08:44","modified_gmt":"2025-03-18T10:08:44","slug":"como-llegar-al-albergue","status":"publish","type":"page","link":"https:\/\/solanadegranada.com\/en\/como-llegar-al-albergue\/","title":{"rendered":"How to get to the hostel?"},"content":{"rendered":"<div data-elementor-type=\"wp-page\" data-elementor-id=\"2126\" class=\"elementor elementor-2126\" data-elementor-post-type=\"page\">\n\t\t\t\t<div class=\"elementor-element elementor-element-6604cb8 e-con-full e-flex e-con e-parent\" data-id=\"6604cb8\" data-element_type=\"container\" data-e-type=\"container\" data-settings=\"{&quot;background_background&quot;:&quot;classic&quot;}\">\n\t\t\t\t<div class=\"elementor-element elementor-element-aa87140 elementor-widget elementor-widget-heading\" data-id=\"aa87140\" data-element_type=\"widget\" data-e-type=\"widget\" data-widget_type=\"heading.default\">\n\t\t\t\t<div class=\"elementor-widget-container\">\n\t\t\t\t\t<p class=\"elementor-heading-title elementor-size-default\">Location of Solana de Granada<\/p>\t\t\t\t<\/div>\n\t\t\t\t<\/div>\n\t\t\t\t<div class=\"elementor-element elementor-element-5c8ec32 elementor-widget elementor-widget-heading\" data-id=\"5c8ec32\" data-element_type=\"widget\" data-e-type=\"widget\" data-widget_type=\"heading.default\">\n\t\t\t\t<div class=\"elementor-widget-container\">\n\t\t\t\t\t<h1 class=\"elementor-heading-title elementor-size-default\">How to get to the<br>Solana de Granada hostel?<\/h1>\t\t\t\t<\/div>\n\t\t\t\t<\/div>\n\t\t\t\t<\/div>\n\t\t<div class=\"elementor-element elementor-element-186fa60 e-flex e-con-boxed e-con e-parent\" data-id=\"186fa60\" data-element_type=\"container\" data-e-type=\"container\">\n\t\t\t\t\t<div class=\"e-con-inner\">\n\t\t\t\t<div class=\"elementor-element elementor-element-b939766 elementor-widget-mobile__width-inherit elementor-widget elementor-widget-heading\" data-id=\"b939766\" data-element_type=\"widget\" data-e-type=\"widget\" data-widget_type=\"heading.default\">\n\t\t\t\t<div class=\"elementor-widget-container\">\n\t\t\t\t\t<h2 class=\"elementor-heading-title elementor-size-default\">Location<\/h2>\t\t\t\t<\/div>\n\t\t\t\t<\/div>\n\t\t\t\t<div class=\"elementor-element elementor-element-356bab2 elementor-widget__width-initial elementor-widget-mobile__width-inherit elementor-widget elementor-widget-text-editor\" data-id=\"356bab2\" data-element_type=\"widget\" data-e-type=\"widget\" data-widget_type=\"text-editor.default\">\n\t\t\t\t<div class=\"elementor-widget-container\">\n\t\t\t\t\t\t\t\t\t<p>Our address is Calle Solana de la Mora 52, 18211 Cogollos de la Vega. By placing it in Google Maps you will find where we are located, unfortunately in some GPS systems the location is not correct but following our directions by car, bus or airport you will have no problems to get there.\u00a0<\/p>\t\t\t\t\t\t\t\t<\/div>\n\t\t\t\t<\/div>\n\t\t\t\t\t<\/div>\n\t\t\t\t<\/div>\n\t\t<div class=\"elementor-element elementor-element-834f341 e-flex e-con-boxed e-con e-parent\" data-id=\"834f341\" data-element_type=\"container\" data-e-type=\"container\">\n\t\t\t\t\t<div class=\"e-con-inner\">\n\t\t\t\t<div class=\"elementor-element elementor-element-fbdbf29 elementor-widget__width-initial elementor-widget-tablet__width-inherit elementor-widget elementor-widget-google_maps\" data-id=\"fbdbf29\" data-element_type=\"widget\" data-e-type=\"widget\" data-widget_type=\"google_maps.default\">\n\t\t\t\t<div class=\"elementor-widget-container\">\n\t\t\t\t\t\t\t<div class=\"elementor-custom-embed\">\n\t\t\t<iframe loading=\"lazy\"\n\t\t\t\t\tsrc=\"https:\/\/maps.google.com\/maps?q=Solana%20de%20Granada%20-%20Outdoor%20%26%20Climbing%20Hostel%2C%20Calle%20Solana%20de%20la%20Mora%2C%2052%2C%2018211%20Cogollos%20de%20la%20Vega%2C%20Granada&#038;t=m&#038;z=17&#038;output=embed&#038;iwloc=near\"\n\t\t\t\t\ttitle=\"Solana de Granada - Outdoor &amp; Climbing Hostel, Calle Solana de la Mora, 52, 18211 Cogollos de la Vega, Granada\"\n\t\t\t\t\taria-label=\"Solana de Granada - Outdoor &amp; Climbing Hostel, Calle Solana de la Mora, 52, 18211 Cogollos de la Vega, Granada\"\n\t\t\t><\/iframe>\n\t\t<\/div>\n\t\t\t\t\t\t<\/div>\n\t\t\t\t<\/div>\n\t\t\t\t\t<\/div>\n\t\t\t\t<\/div>\n\t\t<div class=\"elementor-element elementor-element-66fdc8c e-flex e-con-boxed e-con e-parent\" data-id=\"66fdc8c\" data-element_type=\"container\" data-e-type=\"container\">\n\t\t\t\t\t<div class=\"e-con-inner\">\n\t\t\t\t<div class=\"elementor-element elementor-element-1983d70 elementor-widget-mobile__width-inherit elementor-widget elementor-widget-heading\" data-id=\"1983d70\" data-element_type=\"widget\" data-e-type=\"widget\" data-widget_type=\"heading.default\">\n\t\t\t\t<div class=\"elementor-widget-container\">\n\t\t\t\t\t<h2 class=\"elementor-heading-title elementor-size-default\">Airports<\/h2>\t\t\t\t<\/div>\n\t\t\t\t<\/div>\n\t\t\t\t<div class=\"elementor-element elementor-element-1c69aec elementor-widget__width-initial elementor-widget-mobile__width-inherit elementor-widget elementor-widget-text-editor\" data-id=\"1c69aec\" data-element_type=\"widget\" data-e-type=\"widget\" data-widget_type=\"text-editor.default\">\n\t\t\t\t<div class=\"elementor-widget-container\">\n\t\t\t\t\t\t\t\t\t<p>Apart from the possibility of coming to one of the two largest airports in Spain such as Madrid or Barcelona and then travelling by train, bus or domestic flight to Granada, the two closest options for arriving by plane are the airports of Malaga (AGP) or Granada-Ja\u00e9n (GRX) and from there it is about 25 minutes by car to get to the hostel in Cogollos Vega. You can also come by bus, first to Granada and then to Cogollos. You can see more information in the \"Getting there by bus\" section.<\/p><p>For international flights, very often Malaga airport (AGP) is the best option because it has better connections and prices when buying your ticket. From Malaga airport it is approximately 1.5 hours drive to Cogollos. There are also buses that go directly from the airport to Granada and buses that go from the bus station in Malaga to Granada.\u00a0<a href=\"http:\/\/alsa.com\/\" target=\"_blank\" rel=\"noopener\">ALSA.com<\/a>\u201d.<\/p>\t\t\t\t\t\t\t\t<\/div>\n\t\t\t\t<\/div>\n\t\t\t\t\t<\/div>\n\t\t\t\t<\/div>\n\t\t<div class=\"elementor-element elementor-element-a5227b5 e-flex e-con-boxed e-con e-parent\" data-id=\"a5227b5\" data-element_type=\"container\" data-e-type=\"container\">\n\t\t\t\t\t<div class=\"e-con-inner\">\n\t\t\t\t<div class=\"elementor-element elementor-element-f462188 elementor-widget elementor-widget-heading\" data-id=\"f462188\" data-element_type=\"widget\" data-e-type=\"widget\" data-widget_type=\"heading.default\">\n\t\t\t\t<div class=\"elementor-widget-container\">\n\t\t\t\t\t<h2 class=\"elementor-heading-title elementor-size-default\">How to get there by car?<\/h2>\t\t\t\t<\/div>\n\t\t\t\t<\/div>\n\t\t\t\t<div class=\"elementor-element elementor-element-b9b5b1d elementor-widget__width-initial elementor-widget-mobile__width-inherit elementor-widget elementor-widget-text-editor\" data-id=\"b9b5b1d\" data-element_type=\"widget\" data-e-type=\"widget\" data-widget_type=\"text-editor.default\">\n\t\t\t\t<div class=\"elementor-widget-container\">\n\t\t\t\t\t\t\t\t\t<p>Normally, any navigation system will take you to the village of Cogollos Vega.<\/p><p>To find the best way to get to the house\u00a0<strong>we remind you to follow our directions as navigation systems often take you through very narrow streets. Trust us, you don't want to drive up.<\/strong><\/p><p>When you are near the village of Cogollos Vega, turn right at the first street after the 180 degree bend in the main road. You should open up and use the pavement on the left hand side and then turn completely right as the bend is very sharp! Then follow the main road without crossing until you reach the hostel.<\/p>\t\t\t\t\t\t\t\t<\/div>\n\t\t\t\t<\/div>\n\t\t\t\t\t<\/div>\n\t\t\t\t<\/div>\n\t\t<div class=\"elementor-element elementor-element-6a8130f e-flex e-con-boxed e-con e-parent\" data-id=\"6a8130f\" data-element_type=\"container\" data-e-type=\"container\">\n\t\t\t\t\t<div class=\"e-con-inner\">\n\t\t\t\t<div class=\"elementor-element elementor-element-0da3109 elementor-widget elementor-widget-image\" data-id=\"0da3109\" data-element_type=\"widget\" data-e-type=\"widget\" data-widget_type=\"image.default\">\n\t\t\t\t<div class=\"elementor-widget-container\">\n\t\t\t\t\t\t\t\t\t\t\t\t\t\t\t<img fetchpriority=\"high\" decoding=\"async\" width=\"1287\" height=\"640\" src=\"https:\/\/solanadegranada.com\/wp-content\/uploads\/2025\/03\/Road.jpg.webp\" class=\"attachment-full size-full wp-image-2129\" alt=\"\" srcset=\"https:\/\/solanadegranada.com\/wp-content\/uploads\/2025\/03\/Road.jpg.webp 1287w, https:\/\/solanadegranada.com\/wp-content\/uploads\/2025\/03\/Road.jpg-300x149.webp 300w, https:\/\/solanadegranada.com\/wp-content\/uploads\/2025\/03\/Road.jpg-1024x509.webp 1024w, https:\/\/solanadegranada.com\/wp-content\/uploads\/2025\/03\/Road.jpg-768x382.webp 768w, https:\/\/solanadegranada.com\/wp-content\/uploads\/2025\/03\/Road.jpg-18x9.webp 18w\" sizes=\"(max-width: 1287px) 100vw, 1287px\" \/>\t\t\t\t\t\t\t\t\t\t\t\t\t\t\t<\/div>\n\t\t\t\t<\/div>\n\t\t\t\t\t<\/div>\n\t\t\t\t<\/div>\n\t\t<div class=\"elementor-element elementor-element-a7d07d4 e-flex e-con-boxed e-con e-parent\" data-id=\"a7d07d4\" data-element_type=\"container\" data-e-type=\"container\">\n\t\t\t\t\t<div class=\"e-con-inner\">\n\t\t\t\t<div class=\"elementor-element elementor-element-eb445c1 elementor-widget-mobile__width-inherit elementor-widget elementor-widget-heading\" data-id=\"eb445c1\" data-element_type=\"widget\" data-e-type=\"widget\" data-widget_type=\"heading.default\">\n\t\t\t\t<div class=\"elementor-widget-container\">\n\t\t\t\t\t<h2 class=\"elementor-heading-title elementor-size-default\">Parking<\/h2>\t\t\t\t<\/div>\n\t\t\t\t<\/div>\n\t\t\t\t<div class=\"elementor-element elementor-element-d74be93 elementor-widget__width-initial elementor-widget-mobile__width-inherit elementor-widget elementor-widget-text-editor\" data-id=\"d74be93\" data-element_type=\"widget\" data-e-type=\"widget\" data-widget_type=\"text-editor.default\">\n\t\t\t\t<div class=\"elementor-widget-container\">\n\t\t\t\t\t\t\t\t\t<p>As the public parking spaces around the house are for the use of our neighbours, we recommend you to come by car to unload your luggage and then park in the village. There are plenty of parking spaces available along the main road (GR-3424) and the walk is only 3 minutes.\u00a0<\/p>\t\t\t\t\t\t\t\t<\/div>\n\t\t\t\t<\/div>\n\t\t\t\t\t<\/div>\n\t\t\t\t<\/div>\n\t\t<div class=\"elementor-element elementor-element-ad9fa07 e-flex e-con-boxed e-con e-parent\" data-id=\"ad9fa07\" data-element_type=\"container\" data-e-type=\"container\">\n\t\t\t\t\t<div class=\"e-con-inner\">\n\t\t\t\t<div class=\"elementor-element elementor-element-20d17c4 elementor-widget elementor-widget-heading\" data-id=\"20d17c4\" data-element_type=\"widget\" data-e-type=\"widget\" data-widget_type=\"heading.default\">\n\t\t\t\t<div class=\"elementor-widget-container\">\n\t\t\t\t\t<h2 class=\"elementor-heading-title elementor-size-default\">How to get there by bus?<\/h2>\t\t\t\t<\/div>\n\t\t\t\t<\/div>\n\t\t\t\t<div class=\"elementor-element elementor-element-9eb1582 elementor-widget__width-initial elementor-widget-mobile__width-inherit elementor-widget elementor-widget-text-editor\" data-id=\"9eb1582\" data-element_type=\"widget\" data-e-type=\"widget\" data-widget_type=\"text-editor.default\">\n\t\t\t\t<div class=\"elementor-widget-container\">\n\t\t\t\t\t\t\t\t\t<p>The bus line that goes from Granada to Cogollos Vega. It is the line 0305 \"Granada - Pulianas - G\u00fcev\u00e9jar - N\u00edvar - Cogollos Vega\". In this link you can see the schedules and stops -&gt;<strong>\u00a0<a href=\"http:\/\/siu.ctagr.es\/horarios_lineas_tabla.php?linea=704\" target=\"_blank\" rel=\"noopener\">Timetables for line 0305.<\/a><\/strong><\/p><p>The bus stop in Granada is \"<a href=\"https:\/\/goo.gl\/maps\/Qm5zhsUzKDdyUuvk6\" target=\"_blank\" rel=\"noopener\"><i><b>Professor Emilio Orozco<\/b><\/i><\/a>\" You can see it on the map on how to get there \"from Granada airport\".<\/p><p>The bus stop in Cogollos Vega is \"<strong>Pe\u00f1\u00f3n de la Mata 1<\/strong>\" This is the first stop in Cogollos, in the picture on the map we show the quickest way to walk from there, when you get out of the bus you will see the stairs right in front of you and from there you are only a few minutes away from the hostel.<\/p>\t\t\t\t\t\t\t\t<\/div>\n\t\t\t\t<\/div>\n\t\t\t\t\t<\/div>\n\t\t\t\t<\/div>\n\t\t<div class=\"elementor-element elementor-element-570a300 e-flex e-con-boxed e-con e-parent\" data-id=\"570a300\" data-element_type=\"container\" data-e-type=\"container\">\n\t\t\t\t\t<div class=\"e-con-inner\">\n\t\t\t\t<div class=\"elementor-element elementor-element-0c2dfd6 elementor-widget elementor-widget-image\" data-id=\"0c2dfd6\" data-element_type=\"widget\" data-e-type=\"widget\" data-widget_type=\"image.default\">\n\t\t\t\t<div class=\"elementor-widget-container\">\n\t\t\t\t\t\t\t\t\t\t\t\t\t\t\t<img decoding=\"async\" width=\"1054\" height=\"770\" src=\"https:\/\/solanadegranada.com\/wp-content\/uploads\/2025\/03\/Walk.jpg.webp\" class=\"attachment-full size-full wp-image-2130\" alt=\"\" srcset=\"https:\/\/solanadegranada.com\/wp-content\/uploads\/2025\/03\/Walk.jpg.webp 1054w, https:\/\/solanadegranada.com\/wp-content\/uploads\/2025\/03\/Walk.jpg-300x219.webp 300w, https:\/\/solanadegranada.com\/wp-content\/uploads\/2025\/03\/Walk.jpg-1024x748.webp 1024w, https:\/\/solanadegranada.com\/wp-content\/uploads\/2025\/03\/Walk.jpg-768x561.webp 768w, https:\/\/solanadegranada.com\/wp-content\/uploads\/2025\/03\/Walk.jpg-16x12.webp 16w\" sizes=\"(max-width: 1054px) 100vw, 1054px\" \/>\t\t\t\t\t\t\t\t\t\t\t\t\t\t\t<\/div>\n\t\t\t\t<\/div>\n\t\t\t\t\t<\/div>\n\t\t\t\t<\/div>\n\t\t<div class=\"elementor-element elementor-element-e6b056c e-flex e-con-boxed e-con e-parent\" data-id=\"e6b056c\" data-element_type=\"container\" data-e-type=\"container\">\n\t\t\t\t\t<div class=\"e-con-inner\">\n\t\t\t\t<div class=\"elementor-element elementor-element-0c6156c elementor-widget elementor-widget-heading\" data-id=\"0c6156c\" data-element_type=\"widget\" data-e-type=\"widget\" data-widget_type=\"heading.default\">\n\t\t\t\t<div class=\"elementor-widget-container\">\n\t\t\t\t\t<h2 class=\"elementor-heading-title elementor-size-default\">Bus from Granada airport<\/h2>\t\t\t\t<\/div>\n\t\t\t\t<\/div>\n\t\t\t\t<div class=\"elementor-element elementor-element-2f5f9b8 elementor-widget__width-initial elementor-widget-mobile__width-inherit elementor-widget elementor-widget-text-editor\" data-id=\"2f5f9b8\" data-element_type=\"widget\" data-e-type=\"widget\" data-widget_type=\"text-editor.default\">\n\t\t\t\t<div class=\"elementor-widget-container\">\n\t\t\t\t\t\t\t\t\t<p>There is a bus that goes from the airport to Granada, with several stops in the city -&gt; see the\u00a0<a href=\"https:\/\/www.alsa.com\/en\/web\/bus\/our-destinations\/airports\/granada\" target=\"_blank\" rel=\"noopener\">ALSA airport bus<\/a>. If you want to come directly to the hostel, the best station to get off the bus from Granada airport is \"Granada Airport \"<em><strong>Triunfo (Hotel C\u00f3ndor)<\/strong><\/em>\" from this stop you are only a few metres away from the bus stop\"<em>Profesor Emilio Orozco<\/em>\u00a0\" where you will find line 0305 to Cogollos (see above for further directions).<\/p>\t\t\t\t\t\t\t\t<\/div>\n\t\t\t\t<\/div>\n\t\t\t\t\t<\/div>\n\t\t\t\t<\/div>\n\t\t<div class=\"elementor-element elementor-element-abda7e4 e-flex e-con-boxed e-con e-parent\" data-id=\"abda7e4\" data-element_type=\"container\" data-e-type=\"container\">\n\t\t\t\t\t<div class=\"e-con-inner\">\n\t\t\t\t<div class=\"elementor-element elementor-element-270efe5 elementor-widget elementor-widget-image\" data-id=\"270efe5\" data-element_type=\"widget\" data-e-type=\"widget\" data-widget_type=\"image.default\">\n\t\t\t\t<div class=\"elementor-widget-container\">\n\t\t\t\t\t\t\t\t\t\t\t\t\t\t\t<img decoding=\"async\" width=\"1286\" height=\"815\" src=\"https:\/\/solanadegranada.com\/wp-content\/uploads\/2025\/03\/busses_airport.jpg.webp\" class=\"attachment-full size-full wp-image-2128\" alt=\"\" srcset=\"https:\/\/solanadegranada.com\/wp-content\/uploads\/2025\/03\/busses_airport.jpg.webp 1286w, https:\/\/solanadegranada.com\/wp-content\/uploads\/2025\/03\/busses_airport.jpg-300x190.webp 300w, https:\/\/solanadegranada.com\/wp-content\/uploads\/2025\/03\/busses_airport.jpg-1024x649.webp 1024w, https:\/\/solanadegranada.com\/wp-content\/uploads\/2025\/03\/busses_airport.jpg-768x487.webp 768w, https:\/\/solanadegranada.com\/wp-content\/uploads\/2025\/03\/busses_airport.jpg-18x12.webp 18w\" sizes=\"(max-width: 1286px) 100vw, 1286px\" \/>\t\t\t\t\t\t\t\t\t\t\t\t\t\t\t<\/div>\n\t\t\t\t<\/div>\n\t\t\t\t\t<\/div>\n\t\t\t\t<\/div>\n\t\t\t\t<\/div>","protected":false},"excerpt":{"rendered":"<p>Localizaci\u00f3n de Solana de Granada \u00bfC\u00f3mo llegar al albergueSolana de Granada? Ubicaci\u00f3n Nuestra direcci\u00f3n es Calle Solana de la Mora 52, 18211 Cogollos de la Vega. Coloc\u00e1ndolo en Google Maps encontraras donde estamos ubicados, desafortunadamente en algunos sistemas GPS la ubicaci\u00f3n no es correcta pero siguiendo nuestras indicaciones de como llegar en coche, autob\u00fas o [&hellip;]<\/p>\n","protected":false},"author":1,"featured_media":0,"parent":0,"menu_order":0,"comment_status":"closed","ping_status":"closed","template":"","meta":{"footnotes":""},"class_list":["post-2126","page","type-page","status-publish","hentry"],"_links":{"self":[{"href":"https:\/\/solanadegranada.com\/en\/wp-json\/wp\/v2\/pages\/2126","targetHints":{"allow":["GET"]}}],"collection":[{"href":"https:\/\/solanadegranada.com\/en\/wp-json\/wp\/v2\/pages"}],"about":[{"href":"https:\/\/solanadegranada.com\/en\/wp-json\/wp\/v2\/types\/page"}],"author":[{"embeddable":true,"href":"https:\/\/solanadegranada.com\/en\/wp-json\/wp\/v2\/users\/1"}],"replies":[{"embeddable":true,"href":"https:\/\/solanadegranada.com\/en\/wp-json\/wp\/v2\/comments?post=2126"}],"version-history":[{"count":20,"href":"https:\/\/solanadegranada.com\/en\/wp-json\/wp\/v2\/pages\/2126\/revisions"}],"predecessor-version":[{"id":2335,"href":"https:\/\/solanadegranada.com\/en\/wp-json\/wp\/v2\/pages\/2126\/revisions\/2335"}],"wp:attachment":[{"href":"https:\/\/solanadegranada.com\/en\/wp-json\/wp\/v2\/media?parent=2126"}],"curies":[{"name":"wp","href":"https:\/\/api.w.org\/{rel}","templated":true}]}}